{"id":12,"date":"2013-07-26T21:41:39","date_gmt":"2013-07-26T19:41:39","guid":{"rendered":"http:\/\/www.goldshiatsu.at\/?page_id=12"},"modified":"2025-12-30T17:57:26","modified_gmt":"2025-12-30T16:57:26","slug":"behandlungen","status":"publish","type":"page","link":"https:\/\/www.goldshiatsu.at\/?page_id=12","title":{"rendered":"Terminbuchung AK"},"content":{"rendered":"<p>Terminbuchung Arbeiterkammer<\/p>\n<p>Unter folgendem Link kannst Du meine Verf\u00fcgbarkeiten sehen und direkt einen Termin bei mir buchen:<\/p>\n<p><a href=\"http:\/\/shiatsugoldgmailcom.simplybook.it\/\">http:\/\/shiatsugoldgmailcom.simplybook.it\/<\/a><\/p>\n<p><span style=\"color: #ff0000;\">\u00a0<\/span><\/p>\n<p><span style=\"color: #ff0000;\"><a href=\"https:\/\/meetfox.com\/de\/e\/shiatsu-gold?t=1&amp;l=sessel-shiatsu-vida\"><span style=\"color: #ff0000;\">\u00a0<\/span><\/a><\/span><\/p>\n<p>Danke f\u00fcr Deine Buchung, ich freue mich auf ein Sesselshiatsu mit Dir!<\/p>\n<p>Terminabsagen bitte bis sp\u00e4testens 10h des selben Tages, an dem der Termin stattfindet! Ich bitte um Verst\u00e4ndnis, dass andernfalls die nicht in Anspruch genommene Einheit zu 100% verrechnet wird.<\/p>\n<p><img loading=\"lazy\" decoding=\"async\" class=\"size-full wp-image-243 alignright\" src=\"https:\/\/www.goldshiatsu.at\/wp-content\/uploads\/hb_hw.png\" alt=\"hb_hw\" width=\"421\" height=\"145\" srcset=\"https:\/\/www.goldshiatsu.at\/wp-content\/uploads\/hb_hw.png 421w, https:\/\/www.goldshiatsu.at\/wp-content\/uploads\/hb_hw-300x103.png 300w\" sizes=\"auto, (max-width: 421px) 100vw, 421px\" \/><\/p>\n","protected":false},"excerpt":{"rendered":"<p>Terminbuchung Arbeiterkammer Unter folgendem Link kannst Du meine Verf\u00fcgbarkeiten sehen und direkt einen Termin bei mir buchen: http:\/\/shiatsugoldgmailcom.simplybook.it\/ \u00a0 \u00a0 Danke f\u00fcr Deine Buchung, ich freue mich auf ein Sesselshiatsu mit Dir! Terminabsagen bitte bis sp\u00e4testens 10h des selben Tages, an dem der Termin stattfindet! Ich bitte um Verst\u00e4ndnis, dass andernfalls die nicht in Anspruch [&hellip;]<\/p>\n","protected":false},"author":1,"featured_media":0,"parent":0,"menu_order":2,"comment_status":"closed","ping_status":"closed","template":"","meta":{"footnotes":""},"class_list":["post-12","page","type-page","status-publish","hentry"],"_links":{"self":[{"href":"https:\/\/www.goldshiatsu.at\/index.php?rest_route=\/wp\/v2\/pages\/12","targetHints":{"allow":["GET"]}}],"collection":[{"href":"https:\/\/www.goldshiatsu.at\/index.php?rest_route=\/wp\/v2\/pages"}],"about":[{"href":"https:\/\/www.goldshiatsu.at\/index.php?rest_route=\/wp\/v2\/types\/page"}],"author":[{"embeddable":true,"href":"https:\/\/www.goldshiatsu.at\/index.php?rest_route=\/wp\/v2\/users\/1"}],"replies":[{"embeddable":true,"href":"https:\/\/www.goldshiatsu.at\/index.php?rest_route=%2Fwp%2Fv2%2Fcomments&post=12"}],"version-history":[{"count":104,"href":"https:\/\/www.goldshiatsu.at\/index.php?rest_route=\/wp\/v2\/pages\/12\/revisions"}],"predecessor-version":[{"id":858,"href":"https:\/\/www.goldshiatsu.at\/index.php?rest_route=\/wp\/v2\/pages\/12\/revisions\/858"}],"wp:attachment":[{"href":"https:\/\/www.goldshiatsu.at\/index.php?rest_route=%2Fwp%2Fv2%2Fmedia&parent=12"}],"curies":[{"name":"wp","href":"https:\/\/api.w.org\/{rel}","templated":true}]}}