{"id":13,"date":"2013-07-26T21:42:20","date_gmt":"2013-07-26T19:42:20","guid":{"rendered":"http:\/\/www.goldshiatsu.at\/?page_id=13"},"modified":"2013-12-17T20:48:48","modified_gmt":"2013-12-17T18:48:48","slug":"shiatsu","status":"publish","type":"page","link":"https:\/\/www.goldshiatsu.at\/?page_id=13","title":{"rendered":"Shiatsu"},"content":{"rendered":"<p>(shi=Finger, atsu=Druck)<\/p>\n<h3>\u201eBer\u00fchren und Sp\u00fcren\u201c<\/h3>\n<p>Shiatsu ist japanisch und bedeutet \u201eFingerdruck\u201c.\u00a0Shiatsu ist eine ganzheitliche Methode der K\u00f6rperarbeit, die in Japan entwickelt wurde. Sie basiert auf der Philosophie der \u201eTraditionellen Chinesischen Medizin\u201c (TCM).<\/p>\n<p>Shiatsu geht davon aus, dass die Lebensenergie Qi in Energiebahnen, so genannten Meridianen durch unseren K\u00f6rper fliesst. Diese versorgen unsere Organe und damit unseren K\u00f6rper, die Seele und den Geist mit Energie. Solange dies ungehindert geschehen kann, f\u00fchlen wir uns vital und gesund.<\/p>\n<p>Nach einer eingehenden Diagnose ist das Ziel der Shiatsu- Behandlung die Harmonisierung des Energieflusses. Energetisch unterversorgte Bereiche werden gest\u00e4rkt\u00a0und Blockaden gel\u00f6st. Der Klient liegt vollst\u00e4ndig bekleidet auf einer Matte und wird durch spezielle Drucktechniken mit H\u00e4nden, Ellbogen, Knien oder F\u00fc\u00dfen behandelt.<\/p>\n<p>Shiatsu kann helfen bei: Verspannungen, Verdauungsbeschwerden, Bandscheibenvorfall, B\u00e4nderzerrungen, depressiven Verstimmungen, seelischem Ungleichgewicht, R\u00fcckenschmerzen, Problemen mit dem Bewegungsapparat, Wechselbeschwerden, Kopfschmerzen, grippalen Infekten, Schlafproblemen etc. Oder Sie nutzen Shiatsu einfach zum Entspannen und um wieder in Ihre pers\u00f6nliche Kraft zu finden.<\/p>\n","protected":false},"excerpt":{"rendered":"<p>(shi=Finger, atsu=Druck) \u201eBer\u00fchren und Sp\u00fcren\u201c Shiatsu ist japanisch und bedeutet \u201eFingerdruck\u201c.\u00a0Shiatsu ist eine ganzheitliche Methode der K\u00f6rperarbeit, die in Japan entwickelt wurde. Sie basiert auf der Philosophie der \u201eTraditionellen Chinesischen Medizin\u201c (TCM). Shiatsu geht davon aus, dass die Lebensenergie Qi in Energiebahnen, so genannten Meridianen durch unseren K\u00f6rper fliesst. Diese versorgen unsere Organe und damit [&hellip;]<\/p>\n","protected":false},"author":1,"featured_media":0,"parent":0,"menu_order":1,"comment_status":"closed","ping_status":"closed","template":"","meta":{"footnotes":""},"class_list":["post-13","page","type-page","status-publish","hentry"],"_links":{"self":[{"href":"https:\/\/www.goldshiatsu.at\/index.php?rest_route=\/wp\/v2\/pages\/13","targetHints":{"allow":["GET"]}}],"collection":[{"href":"https:\/\/www.goldshiatsu.at\/index.php?rest_route=\/wp\/v2\/pages"}],"about":[{"href":"https:\/\/www.goldshiatsu.at\/index.php?rest_route=\/wp\/v2\/types\/page"}],"author":[{"embeddable":true,"href":"https:\/\/www.goldshiatsu.at\/index.php?rest_route=\/wp\/v2\/users\/1"}],"replies":[{"embeddable":true,"href":"https:\/\/www.goldshiatsu.at\/index.php?rest_route=%2Fwp%2Fv2%2Fcomments&post=13"}],"version-history":[{"count":128,"href":"https:\/\/www.goldshiatsu.at\/index.php?rest_route=\/wp\/v2\/pages\/13\/revisions"}],"predecessor-version":[{"id":539,"href":"https:\/\/www.goldshiatsu.at\/index.php?rest_route=\/wp\/v2\/pages\/13\/revisions\/539"}],"wp:attachment":[{"href":"https:\/\/www.goldshiatsu.at\/index.php?rest_route=%2Fwp%2Fv2%2Fmedia&parent=13"}],"curies":[{"name":"wp","href":"https:\/\/api.w.org\/{rel}","templated":true}]}}