{"id":514,"date":"2013-08-23T13:52:19","date_gmt":"2013-08-23T11:52:19","guid":{"rendered":"http:\/\/www.goldshiatsu.at\/?page_id=514"},"modified":"2025-05-23T11:20:20","modified_gmt":"2025-05-23T09:20:20","slug":"shiatsu-3","status":"publish","type":"page","link":"https:\/\/www.goldshiatsu.at\/?page_id=514","title":{"rendered":"Sessel Shiatsu"},"content":{"rendered":"<p><span class=\"Apple-style-span\" style=\"line-height: 29px; font-size: 16px; font-weight: bold;\">Sessel Shiatsu<br \/>\n<\/span>M\u00fcde?<br \/>\nR\u00fcckenschmerzen?<\/p>\n<p>Erleben Sie die positiven Effekte der Shiatsu Massage:<br \/>\n&#8211; Reduktion muskul\u00e4rer Verspannungen und Schmerzen im R\u00fccken<br \/>\n&#8211; Anregung der Blutzirkulation<br \/>\n&#8211; Stressabbau durch Muskelentspannung<br \/>\n&#8211; Steigerung der Vitalit\u00e4t und Energie<br \/>\n&#8211; Verminderung von Schlafst\u00f6rungen<\/p>\n<p>Sessel Shiatsu ist eine effektive Alternative zu Shiatsu am Boden. Diese Technik am Sessel wurde speziell f\u00fcr Menschen im B\u00fcro, an Ihrem Arbeitsplatz entwickelt. Dieses Angebot ist f\u00fcr Firmen gedacht, die Ihre Mitarbeiter durch eine Shiatsu Behandlung st\u00e4rken und gesund erhalten wollen. Empfohlen wird ein vierzehnt\u00e4giger regelm\u00e4\u00dfiger Rhythmus.<br \/>\n25 Min. \u00e0 35 Euro<\/p>\n","protected":false},"excerpt":{"rendered":"<p>Sessel Shiatsu M\u00fcde? R\u00fcckenschmerzen? Erleben Sie die positiven Effekte der Shiatsu Massage: &#8211; Reduktion muskul\u00e4rer Verspannungen und Schmerzen im R\u00fccken &#8211; Anregung der Blutzirkulation &#8211; Stressabbau durch Muskelentspannung &#8211; Steigerung der Vitalit\u00e4t und Energie &#8211; Verminderung von Schlafst\u00f6rungen Sessel Shiatsu ist eine effektive Alternative zu Shiatsu am Boden. Diese Technik am Sessel wurde speziell f\u00fcr [&hellip;]<\/p>\n","protected":false},"author":1,"featured_media":0,"parent":0,"menu_order":4,"comment_status":"closed","ping_status":"closed","template":"","meta":{"footnotes":""},"class_list":["post-514","page","type-page","status-publish","hentry"],"_links":{"self":[{"href":"https:\/\/www.goldshiatsu.at\/index.php?rest_route=\/wp\/v2\/pages\/514","targetHints":{"allow":["GET"]}}],"collection":[{"href":"https:\/\/www.goldshiatsu.at\/index.php?rest_route=\/wp\/v2\/pages"}],"about":[{"href":"https:\/\/www.goldshiatsu.at\/index.php?rest_route=\/wp\/v2\/types\/page"}],"author":[{"embeddable":true,"href":"https:\/\/www.goldshiatsu.at\/index.php?rest_route=\/wp\/v2\/users\/1"}],"replies":[{"embeddable":true,"href":"https:\/\/www.goldshiatsu.at\/index.php?rest_route=%2Fwp%2Fv2%2Fcomments&post=514"}],"version-history":[{"count":43,"href":"https:\/\/www.goldshiatsu.at\/index.php?rest_route=\/wp\/v2\/pages\/514\/revisions"}],"predecessor-version":[{"id":588,"href":"https:\/\/www.goldshiatsu.at\/index.php?rest_route=\/wp\/v2\/pages\/514\/revisions\/588"}],"wp:attachment":[{"href":"https:\/\/www.goldshiatsu.at\/index.php?rest_route=%2Fwp%2Fv2%2Fmedia&parent=514"}],"curies":[{"name":"wp","href":"https:\/\/api.w.org\/{rel}","templated":true}]}}