{"id":726,"date":"2022-03-16T18:36:54","date_gmt":"2022-03-16T16:36:54","guid":{"rendered":"http:\/\/www.goldshiatsu.at\/?page_id=726"},"modified":"2025-12-30T17:56:16","modified_gmt":"2025-12-30T16:56:16","slug":"terminbuchung-vida-2","status":"publish","type":"page","link":"https:\/\/www.goldshiatsu.at\/?page_id=726","title":{"rendered":"Terminbuchung Vida"},"content":{"rendered":"<p>Unter folgendem Link kannst Du meine Verf\u00fcgbarkeiten sehen und direkt einen Termin bei mir buchen:<\/p>\n<p><a href=\"http:\/\/shiatsugoldgmailcom.simplybook.it\/\">http:\/\/shiatsugoldgmailcom.simplybook.it\/<\/a><br \/>\nIch freue mich auf das Sesselshiatsu mit Dir!<\/p>\n<p>Danke f\u00fcr Deine Buchung!<\/p>\n<p>Terminabsagen bitte bis sp\u00e4testens 10h des selben Tages, an dem der Termin stattfindet! Ich bitte um Verst\u00e4ndnis, dass andernfalls die nicht in Anspruch genommene Einheit zu 100% verrechnet wird.<\/p>\n","protected":false},"excerpt":{"rendered":"<p>Unter folgendem Link kannst Du meine Verf\u00fcgbarkeiten sehen und direkt einen Termin bei mir buchen: http:\/\/shiatsugoldgmailcom.simplybook.it\/ Ich freue mich auf das Sesselshiatsu mit Dir! Danke f\u00fcr Deine Buchung! Terminabsagen bitte bis sp\u00e4testens 10h des selben Tages, an dem der Termin stattfindet! Ich bitte um Verst\u00e4ndnis, dass andernfalls die nicht in Anspruch genommene Einheit zu 100% [&hellip;]<\/p>\n","protected":false},"author":1,"featured_media":0,"parent":0,"menu_order":5,"comment_status":"closed","ping_status":"closed","template":"","meta":{"footnotes":""},"class_list":["post-726","page","type-page","status-publish","hentry"],"_links":{"self":[{"href":"https:\/\/www.goldshiatsu.at\/index.php?rest_route=\/wp\/v2\/pages\/726","targetHints":{"allow":["GET"]}}],"collection":[{"href":"https:\/\/www.goldshiatsu.at\/index.php?rest_route=\/wp\/v2\/pages"}],"about":[{"href":"https:\/\/www.goldshiatsu.at\/index.php?rest_route=\/wp\/v2\/types\/page"}],"author":[{"embeddable":true,"href":"https:\/\/www.goldshiatsu.at\/index.php?rest_route=\/wp\/v2\/users\/1"}],"replies":[{"embeddable":true,"href":"https:\/\/www.goldshiatsu.at\/index.php?rest_route=%2Fwp%2Fv2%2Fcomments&post=726"}],"version-history":[{"count":41,"href":"https:\/\/www.goldshiatsu.at\/index.php?rest_route=\/wp\/v2\/pages\/726\/revisions"}],"predecessor-version":[{"id":856,"href":"https:\/\/www.goldshiatsu.at\/index.php?rest_route=\/wp\/v2\/pages\/726\/revisions\/856"}],"wp:attachment":[{"href":"https:\/\/www.goldshiatsu.at\/index.php?rest_route=%2Fwp%2Fv2%2Fmedia&parent=726"}],"curies":[{"name":"wp","href":"https:\/\/api.w.org\/{rel}","templated":true}]}}