{"id":9,"date":"2013-07-26T21:41:19","date_gmt":"2013-07-26T19:41:19","guid":{"rendered":"http:\/\/www.goldshiatsu.at\/?page_id=9"},"modified":"2025-12-30T16:24:50","modified_gmt":"2025-12-30T15:24:50","slug":"uber-mich","status":"publish","type":"page","link":"https:\/\/www.goldshiatsu.at\/?page_id=9","title":{"rendered":"\u00dcber mich"},"content":{"rendered":"<p><img loading=\"lazy\" decoding=\"async\" class=\" wp-image-667 alignnone\" src=\"https:\/\/www.goldshiatsu.at\/wp-content\/uploads\/P1060136_04-1024x682.jpg\" alt=\"P1060136_04\" width=\"800\" height=\"533\" srcset=\"https:\/\/www.goldshiatsu.at\/wp-content\/uploads\/P1060136_04-1024x682.jpg 1024w, https:\/\/www.goldshiatsu.at\/wp-content\/uploads\/P1060136_04-300x200.jpg 300w, https:\/\/www.goldshiatsu.at\/wp-content\/uploads\/P1060136_04-624x416.jpg 624w, https:\/\/www.goldshiatsu.at\/wp-content\/uploads\/P1060136_04.jpg 1500w\" sizes=\"auto, (max-width: 800px) 100vw, 800px\" \/><br \/>\nJudith Gold, Dipl. Shiatsu-Praktikerin<\/p>\n<h3 style=\"text-align: left;\">Ich \u00fcber mich<\/h3>\n<p>Ich habe durch mein Interesse an K\u00f6rperarbeit fr\u00fch zu Shiatsu gefunden. Meine Ausbildung absolvierte ich unter anderem in der Schweiz und beendete diese 2011 bei Tomas Nellison in Wien. Shiatsu hat mir geholfen, einen Zugang zu meinem K\u00f6rper zu finden, meine Themen zu bearbeiten und mich dadurch pers\u00f6nlich weiterzuentwickeln. Shiatsu ist eine sehr wirksame Form der Akkupressur bei k\u00f6rperlichen und psychischen Beschwerden aller Art. Es ist eine K\u00f6rperarbeit die respektvoll und gezielt auf den Klienten eingeht und ein Gef\u00fchl der Geborgenheit und Erleichterung vermittelt. Shiatsu erm\u00f6glicht, durch den K\u00f6rper hindurch, in verschiedene Lebensbereiche zu wirken. Dahinter steht die Annahme, dass jede Krankheit und jedes Symptom eine Ursache haben. In Erg\u00e4nzung mit einfachen pflanzlichen Hausmitteln, einer guten Ern\u00e4hrung und K\u00f6rper\u00fcbungen, tragen regelm\u00e4\u00dfige Behandlungen dazu bei, einen energetisch ausgeglichenen Zustand zu erreichen.<\/p>\n","protected":false},"excerpt":{"rendered":"<p>Judith Gold, Dipl. Shiatsu-Praktikerin Ich \u00fcber mich Ich habe durch mein Interesse an K\u00f6rperarbeit fr\u00fch zu Shiatsu gefunden. Meine Ausbildung absolvierte ich unter anderem in der Schweiz und beendete diese 2011 bei Tomas Nellison in Wien. Shiatsu hat mir geholfen, einen Zugang zu meinem K\u00f6rper zu finden, meine Themen zu bearbeiten und mich dadurch pers\u00f6nlich [&hellip;]<\/p>\n","protected":false},"author":1,"featured_media":0,"parent":0,"menu_order":1,"comment_status":"closed","ping_status":"closed","template":"","meta":{"footnotes":""},"class_list":["post-9","page","type-page","status-publish","hentry"],"_links":{"self":[{"href":"https:\/\/www.goldshiatsu.at\/index.php?rest_route=\/wp\/v2\/pages\/9","targetHints":{"allow":["GET"]}}],"collection":[{"href":"https:\/\/www.goldshiatsu.at\/index.php?rest_route=\/wp\/v2\/pages"}],"about":[{"href":"https:\/\/www.goldshiatsu.at\/index.php?rest_route=\/wp\/v2\/types\/page"}],"author":[{"embeddable":true,"href":"https:\/\/www.goldshiatsu.at\/index.php?rest_route=\/wp\/v2\/users\/1"}],"replies":[{"embeddable":true,"href":"https:\/\/www.goldshiatsu.at\/index.php?rest_route=%2Fwp%2Fv2%2Fcomments&post=9"}],"version-history":[{"count":121,"href":"https:\/\/www.goldshiatsu.at\/index.php?rest_route=\/wp\/v2\/pages\/9\/revisions"}],"predecessor-version":[{"id":835,"href":"https:\/\/www.goldshiatsu.at\/index.php?rest_route=\/wp\/v2\/pages\/9\/revisions\/835"}],"wp:attachment":[{"href":"https:\/\/www.goldshiatsu.at\/index.php?rest_route=%2Fwp%2Fv2%2Fmedia&parent=9"}],"curies":[{"name":"wp","href":"https:\/\/api.w.org\/{rel}","templated":true}]}}